{"id":228,"date":"2021-04-20T19:20:26","date_gmt":"2021-04-20T19:20:26","guid":{"rendered":"https:\/\/nbk.nu\/?page_id=228"},"modified":"2024-11-21T13:26:59","modified_gmt":"2024-11-21T13:26:59","slug":"styrelse","status":"publish","type":"page","link":"https:\/\/nbk.nu\/index.php\/styrelse\/","title":{"rendered":"Styrelse"},"content":{"rendered":"\n<p><\/p>\n\n\n\n<h2 class=\"wp-block-heading\">Styrelse<\/h2>\n\n\n\n<figure class=\"wp-block-table is-style-stripes\"><table><tbody><tr><td>Ordf\u00f6rande<\/td><td>Kjell Westman<\/td><td>070-3772406<\/td><\/tr><tr><td>Vice ordf\u00f6rande<br>Ledamot<\/td><td>Jan-Eric Lampinen<\/td><td>070-2178316<\/td><\/tr><tr><td>Sekreterare<\/td><td>Hans Bovin<\/td><td>070-2667110<\/td><\/tr><tr><td>Kass\u00f6r<br>Registeransvarig<\/td><td>Ingela Sihvola<\/td><td>070-9485889<\/td><\/tr><tr><td>Ledamot<\/td><td>Mikael Svensson<\/td><td>070-3945196<\/td><\/tr><tr><td>Ledamot<\/td><td>Jonas R\u00f6nnqvist<\/td><td>070-2088178<\/td><\/tr><tr><td>Ledamot<\/td><td>Stefan Granat<\/td><td>070-5832072<\/td><\/tr><tr><td>Hamnansvarig<br>Ledamot<\/td><td>Per Sverin<\/td><td>070-2515768<\/td><\/tr><tr><td>Milj\u00f6samordnare<\/td><td>Mats Nordgren<\/td><td>070-6424759<\/td><\/tr><\/tbody><\/table><\/figure>\n\n\n\n<h3 class=\"wp-block-heading\">Fogdar \/ \u00f6vrigt<\/h3>\n\n\n\n<figure class=\"wp-block-table\"><table><tbody><tr><td>Brygga 1<\/td><td>Per Sverin<\/td><td>070-2515768<\/td><\/tr><tr><td>Brygga 2<\/td><td>Tom Muhli<\/td><td>070-2942655<\/td><\/tr><tr><td>Brygga 3<\/td><td>Mikael Svensson<\/td><td>070-3945196<\/td><\/tr><tr><td>Stugfogde<\/td><td>Peter Jacobsen<\/td><td>073-8319145<\/td><\/tr><tr><td>Valberedning<\/td><td>Per Westman<\/td><td>070-2416900<\/td><\/tr><tr><td>Valberedning<\/td><td>Per Sverin<\/td><td>070-2515768<\/td><\/tr><tr><td>IT-Ansvarig<\/td><td>Jonas Westman<\/td><td>070-2304240<\/td><\/tr><\/tbody><\/table><\/figure>\n","protected":false},"excerpt":{"rendered":"<p>Styrelse Ordf\u00f6rande Kjell Westman 070-3772406 Vice ordf\u00f6randeLedamot Jan-Eric Lampinen 070-2178316 Sekreterare Hans Bovin 070-2667110 Kass\u00f6rRegisteransvarig Ingela Sihvola 070-9485889 Ledamot Mikael&hellip;<\/p>\n","protected":false},"author":1,"featured_media":0,"parent":0,"menu_order":0,"comment_status":"closed","ping_status":"closed","template":"","meta":{"_exactmetrics_skip_tracking":false,"_exactmetrics_sitenote_active":false,"_exactmetrics_sitenote_note":"","_exactmetrics_sitenote_category":0},"_links":{"self":[{"href":"https:\/\/nbk.nu\/index.php\/wp-json\/wp\/v2\/pages\/228"}],"collection":[{"href":"https:\/\/nbk.nu\/index.php\/wp-json\/wp\/v2\/pages"}],"about":[{"href":"https:\/\/nbk.nu\/index.php\/wp-json\/wp\/v2\/types\/page"}],"author":[{"embeddable":true,"href":"https:\/\/nbk.nu\/index.php\/wp-json\/wp\/v2\/users\/1"}],"replies":[{"embeddable":true,"href":"https:\/\/nbk.nu\/index.php\/wp-json\/wp\/v2\/comments?post=228"}],"version-history":[{"count":20,"href":"https:\/\/nbk.nu\/index.php\/wp-json\/wp\/v2\/pages\/228\/revisions"}],"predecessor-version":[{"id":524,"href":"https:\/\/nbk.nu\/index.php\/wp-json\/wp\/v2\/pages\/228\/revisions\/524"}],"wp:attachment":[{"href":"https:\/\/nbk.nu\/index.php\/wp-json\/wp\/v2\/media?parent=228"}],"curies":[{"name":"wp","href":"https:\/\/api.w.org\/{rel}","templated":true}]}}