{"id":308,"date":"2022-04-05T19:27:10","date_gmt":"2022-04-05T19:27:10","guid":{"rendered":"https:\/\/nbk.nu\/?page_id=308"},"modified":"2025-05-05T17:26:03","modified_gmt":"2025-05-05T17:26:03","slug":"info-for-medlemmar","status":"publish","type":"page","link":"https:\/\/nbk.nu\/index.php\/info-for-medlemmar\/","title":{"rendered":"Info f\u00f6r medlemmar"},"content":{"rendered":"\n<p><strong>Styrelsen informerar<\/strong><br>Under v\u00e5ren kommer omstrukturering av bryggplatser att genomf\u00f6ras. <br>Du kan komma att tilldelas en ny plats, s\u00e5 var uppm\u00e4rksam och l\u00e4s anslagstavlan. <br><br>F\u00f6r att f\u00e5 fungerande bilparkering under sommaren m\u00e5ste alla b\u00e5tar, b\u00e5tvgnar, vaggor, st\u00f6ttor och annan uppst\u00e4llningsmaterial avl\u00e4gnas innan sommas\u00e4songen s\u00e4tter ig\u00e5ng. Ber\u00f6rda omr\u00e5den enligt bild nedan. \u00c5tg\u00e4rden ska vara genomf\u00f6rd senast 31\/5.<\/p>\n\n\n\n<figure class=\"wp-block-image size-full\"><img decoding=\"async\" loading=\"lazy\" width=\"692\" height=\"846\" src=\"https:\/\/nbk.nu\/wp-content\/uploads\/2023\/11\/image.png\" alt=\"\" class=\"wp-image-448\" srcset=\"https:\/\/nbk.nu\/wp-content\/uploads\/2023\/11\/image.png 692w, https:\/\/nbk.nu\/wp-content\/uploads\/2023\/11\/image-245x300.png 245w\" sizes=\"(max-width: 692px) 100vw, 692px\" \/><\/figure>\n\n\n\n<p><br><br>Ej sj\u00f6satta b\u00e5tar l\u00e4ngre in p\u00e5 planen. (Flyttning av b\u00e5tar bekostas av b\u00e5t\u00e4garen).<\/p>\n\n\n\n<p>B\u00e5tar som ligger kvar efter den 15 juni kommer att debiteras avgift f\u00f6r uppst\u00e4llning sommartid. <br>P\u00e5 grund av risken att f\u00e5 gamla b\u00e5tar som ingen vill k\u00e4nnas vid, kvar p\u00e5 hamnplanen, har \u00e5rsm\u00f6tet beslutat att ta ut en extra avgift p\u00e5 1&nbsp;000 kr f\u00f6r b\u00e5tar som ligger kvar p\u00e5 land mer \u00e4n en sommar. Denna avgift \u00f6kar med 1&nbsp;000 kr f\u00f6r varje \u00e5r d\u00e4refter.<br>Tankning, i och urlastning kan med f\u00f6rdel ske vid flytbryggan mellan mastkranen och kajen.<br>Kom ih\u00e5g att ange e-postadress och mobilnummer. <br>Vi p\u00e5minner ocks\u00e5 att du \u00e4r skyldig att ha ansvarsf\u00f6rs\u00e4kring p\u00e5 din b\u00e5t, ditt f\u00f6rs\u00e4kringsnummer och bolag ska uppges f\u00f6r klubben maila hamn@nbk.nu. <br>Se \u00e4ven till att m\u00e4rka ert uppl\u00e4ggningsmaterial, s\u00e5som vaggor, st\u00f6ttor, etc. med namn och telefonnummer. <br>Din b\u00e5tvagn ska vara m\u00e4rkt med namn och telefonnummer. Saknas detta kommer vagnen att flyttas. <br>F\u00f6r att f\u00e5 ha sin b\u00e5tvagn p\u00e5 hamnplan m\u00e5ste man vara medlem i klubben, annars kommer vagnen att l\u00e5sas fast och sl\u00e4ppas mot en avgift p\u00e5 1000 kr.<\/p>\n\n\n\n<p>Vi har fler aktiviteter som kommer att beh\u00f6va g\u00f6ras under v\u00e5ren och sommaren,<br>kallelse kommer via anslag i hamnen och via hemsidan WWW.NBK.NU.<br>\/Styrelsen<\/p>\n\n\n\n<p><br><strong>B\u00e5tvagnar<\/strong><br>F\u00f6r att f\u00e5 l\u00e4mna b\u00e5tvagnen i hamnomr\u00e5det m\u00e5ste \u00e4garen vara medlem i Njut\u00e5ngers B\u00e5tklubb. Och med detta medf\u00f6r en avgift p\u00e5 400 kr.<br>Vagnen skall vara m\u00e4rkt med namn och telefonnummer. <br>Om\u00e4rkta vagnar eller som tillh\u00f6r n\u00e5gon icke medlem kommer att l\u00e5sas fast och sl\u00e4ppas l\u00f6s mot en avgift p\u00e5 1000 kr. <br>Alla vagnar skall st\u00e4llas p\u00e5 uppst\u00e4llningsplatsen som \u00e4r avsedd f\u00f6r detta. <br>De medlemmar som har vinterf\u00f6rvaring av sin b\u00e5t p\u00e5 hamnplan kommer att f\u00e5<br>instruktion om eventuell flytt av sin vagn under sommarperioden. <br>Dessa regler \u00e4r f\u00f6r att vi skall f\u00e5 ordning p\u00e5 bilparkering under sommaren. <br><br>Skiss \u00f6ver parkering och uppst\u00e4llning av b\u00e5tvagnar finns p\u00e5 klubbens hemsida NBK.nu och en plansch vid infarten till hamnen.<\/p>\n\n\n\n<p><strong>Nattvakt<\/strong><br>Vaktens uppgift \u00e4r att observera udda aktiviteter p\u00e5 hela hamnomr\u00e5det och dokumentera (t.ex.reg.nr, bilmodell m.m.) <br>Samt vid behov kontakta polisen via telefonnummer 112. <br>Ingrip inte personligen f\u00f6r att avv\u00e4rja brott. <br><br>Nattvakt ska kontrollera att g\u00e4sthamnstavlan ser fr\u00e4sch ut. Det skall finnas kuvert och penna f\u00f6r hamng\u00e4ster att fylla i, nya finns i kontoret. <br>Kontakta styrelsen om n\u00e5got m\u00e5ste \u00e5tg\u00e4rdas som inte kan g\u00f6ras under vaktpasset. Kontrollera s\u00e5 att toalett och dusch \u00e4r rena, handtv\u00e5l och pappershanddukar skall finnas p\u00e5 toaletten. <br>Den som har vakt p\u00e5 m\u00e5ndagar med udda veckonummer skall st\u00e4lla ut soptunnan p\u00e5 morgonen.<br>Du f\u00e5r g\u00e4rna utf\u00f6ra arbetsinsatser, t.ex. plocka skr\u00e4p, reparationer m.m. f\u00f6r klubbens r\u00e4kning n\u00e4r du g\u00e5r vakt. En lista kommer att finnas i klubbhuset med f\u00f6rslag p\u00e5 arbetsuppgifter. <br>Dessa arbetsuppgifter, arbete p\u00e5 egen b\u00e5t eller andra aktiviteter under vaktpasset f\u00e5r dock inte inkr\u00e4kta p\u00e5 utf\u00f6randet av vaktuppdraget. <br>Notera antalet husbilar som st\u00e5tt i hamnen under natten. Den som suttit vakt skall skriva sitt namn och vem man eventuellt suttit i st\u00e4llet f\u00f6r i vaktboken, namnen skall vara l\u00e4sliga.<br>Den som vill sitta flera n\u00e4tter kan skriva sitt namn och telefonnummer p\u00e5 listan som finns p\u00e5 anslagstavlan inne i stugan<\/p>\n","protected":false},"excerpt":{"rendered":"<p>Styrelsen informerarUnder v\u00e5ren kommer omstrukturering av bryggplatser att genomf\u00f6ras. Du kan komma att tilldelas en ny plats, s\u00e5 var uppm\u00e4rksam&hellip;<\/p>\n","protected":false},"author":1,"featured_media":0,"parent":0,"menu_order":0,"comment_status":"closed","ping_status":"closed","template":"","meta":{"_exactmetrics_skip_tracking":false,"_exactmetrics_sitenote_active":false,"_exactmetrics_sitenote_note":"","_exactmetrics_sitenote_category":0},"_links":{"self":[{"href":"https:\/\/nbk.nu\/index.php\/wp-json\/wp\/v2\/pages\/308"}],"collection":[{"href":"https:\/\/nbk.nu\/index.php\/wp-json\/wp\/v2\/pages"}],"about":[{"href":"https:\/\/nbk.nu\/index.php\/wp-json\/wp\/v2\/types\/page"}],"author":[{"embeddable":true,"href":"https:\/\/nbk.nu\/index.php\/wp-json\/wp\/v2\/users\/1"}],"replies":[{"embeddable":true,"href":"https:\/\/nbk.nu\/index.php\/wp-json\/wp\/v2\/comments?post=308"}],"version-history":[{"count":29,"href":"https:\/\/nbk.nu\/index.php\/wp-json\/wp\/v2\/pages\/308\/revisions"}],"predecessor-version":[{"id":547,"href":"https:\/\/nbk.nu\/index.php\/wp-json\/wp\/v2\/pages\/308\/revisions\/547"}],"wp:attachment":[{"href":"https:\/\/nbk.nu\/index.php\/wp-json\/wp\/v2\/media?parent=308"}],"curies":[{"name":"wp","href":"https:\/\/api.w.org\/{rel}","templated":true}]}}